{"id":694,"date":"2021-07-24T17:00:31","date_gmt":"2021-07-24T14:00:31","guid":{"rendered":"http:\/\/btbtercume.com\/?page_id=694"},"modified":"2021-07-25T14:19:01","modified_gmt":"2021-07-25T11:19:01","slug":"arnavutca","status":"publish","type":"page","link":"https:\/\/btbtercume.com\/ceviri-yaptigimiz-diller\/arnavutca\/","title":{"rendered":"Arnavut\u00e7a"},"content":{"rendered":"<p>Arnavut dili Arnavut\u00e7a ve Hint-Avrupa dil ailesinden Avrupa koluna mensuptur. Arnavut\u00e7a&#8217;n\u0131n k\u00f6ken olarak antik Pelasg dilinden geldi\u011fi, Antik (Eski) Yunanca&#8217;n\u0131n g\u00fcn\u00fcm\u00fcz Rumcas\u0131na de\u011fil Arnavut\u00e7a&#8217;ya daha yak\u0131n oldu\u011fu, Latincenin Arnavut\u00e7a&#8217;dan t\u00fcredi\u011fi, Etr\u00fcsk\u00e7e&#8217;nin Arnavut\u00e7a&#8217;n\u0131n Toska aksan\u0131 ile ilgili oldu\u011fu y\u00f6n\u00fcndeki hipotez, teori ve g\u00f6r\u00fc\u015fler dilbilimciler aras\u0131nda yayg\u0131nd\u0131r.<\/p>\n<p>Arnavut\u00e7a Toska \u015fivesi ve Gega \u015fivesi olmak \u00fczere iki b\u00fcy\u00fck \u015fiveye ayr\u0131l\u0131r. Osmanl\u0131 \u0130mparatorlu\u011fu d\u00f6neminde Osmanl\u0131 T\u00fcrk\u00e7esi kanal\u0131yla T\u00fcrk\u00e7e, Arap\u00e7a, Fars\u00e7a pek \u00e7ok kelime Arnavut\u00e7aya yerle\u015fmi\u015ftir. Ancak Arnavutluk\u2019ta Enver Hoca d\u00f6neminde \u00f6z Arnavut\u00e7a politikas\u0131 do\u011frultusunda s\u00f6z konusu yabanc\u0131 kelimelerin bir b\u00f6l\u00fcm\u00fc Arnavut\u00e7adan \u00e7\u0131kar\u0131lm\u0131\u015ft\u0131r.<\/p>\n","protected":false},"excerpt":{"rendered":"<p>Arnavut dili Arnavut\u00e7a ve Hint-Avrupa dil ailesinden Avrupa koluna mensuptur. Arnavut\u00e7a&#8217;n\u0131n k\u00f6ken olarak antik Pelasg dilinden geldi\u011fi, Antik (Eski) Yunanca&#8217;n\u0131n g\u00fcn\u00fcm\u00fcz Rumcas\u0131na de\u011fil Arnavut\u00e7a&#8217;ya daha yak\u0131n oldu\u011fu, Latincenin Arnavut\u00e7a&#8217;dan t\u00fcredi\u011fi, Etr\u00fcsk\u00e7e&#8217;nin Arnavut\u00e7a&#8217;n\u0131n Toska aksan\u0131 ile ilgili oldu\u011fu y\u00f6n\u00fcndeki hipotez, teori ve g\u00f6r\u00fc\u015fler dilbilimciler aras\u0131nda yayg\u0131nd\u0131r. Arnavut\u00e7a Toska \u015fivesi ve Gega \u015fivesi olmak \u00fczere iki b\u00fcy\u00fck [&hellip;]<\/p>\n","protected":false},"author":1,"featured_media":0,"parent":682,"menu_order":0,"comment_status":"closed","ping_status":"closed","template":"dildetay.php","meta":[],"_links":{"self":[{"href":"https:\/\/btbtercume.com\/wp-json\/wp\/v2\/pages\/694"}],"collection":[{"href":"https:\/\/btbtercume.com\/wp-json\/wp\/v2\/pages"}],"about":[{"href":"https:\/\/btbtercume.com\/wp-json\/wp\/v2\/types\/page"}],"author":[{"embeddable":true,"href":"https:\/\/btbtercume.com\/wp-json\/wp\/v2\/users\/1"}],"replies":[{"embeddable":true,"href":"https:\/\/btbtercume.com\/wp-json\/wp\/v2\/comments?post=694"}],"version-history":[{"count":2,"href":"https:\/\/btbtercume.com\/wp-json\/wp\/v2\/pages\/694\/revisions"}],"predecessor-version":[{"id":972,"href":"https:\/\/btbtercume.com\/wp-json\/wp\/v2\/pages\/694\/revisions\/972"}],"up":[{"embeddable":true,"href":"https:\/\/btbtercume.com\/wp-json\/wp\/v2\/pages\/682"}],"wp:attachment":[{"href":"https:\/\/btbtercume.com\/wp-json\/wp\/v2\/media?parent=694"}],"curies":[{"name":"wp","href":"https:\/\/api.w.org\/{rel}","templated":true}]}}