{"id":692,"date":"2021-07-24T17:00:25","date_gmt":"2021-07-24T14:00:25","guid":{"rendered":"http:\/\/btbtercume.com\/?page_id=692"},"modified":"2021-07-25T14:18:49","modified_gmt":"2021-07-25T11:18:49","slug":"arapca","status":"publish","type":"page","link":"https:\/\/btbtercume.com\/ceviri-yaptigimiz-diller\/arapca\/","title":{"rendered":"Arap\u00e7a"},"content":{"rendered":"<p>Arap\u00e7a Hami-Sami Dilleri Ailesi&#8217;nin Sami koluna mensup bir dildir. Standart Arap\u00e7a olarak kabul edilen bu dil Arabiyyet-\u00fcl fash\u00ee (Fasih,D\u00fczg\u00fcn Arap\u00e7a) olarak ifade edilir ve t\u00fcm Arap devletlerinin resmi dilidir. Arap Yar\u0131madas\u0131 ve Kuzey Afrika&#8217;da halk\u0131n \u00e7o\u011funlu\u011funca, \u0130ran ve T\u00fcrkiye&#8217;de ise Arap az\u0131nl\u0131klarca kullan\u0131lan diller Arap\u00e7a&#8217;n\u0131n leh\u00e7eleridir. Standart Arap\u00e7a herhangi bir \u00fclkede halk dili olarak konu\u015fulmamakla beraber resmi dil oldu\u011fu i\u00e7in e\u011fitim g\u00f6rm\u00fc\u015f her Arap standart Arap\u00e7ay\u0131 anlar ve konu\u015fabilir. Standart Arap\u00e7a olarak kabul edilen dil Kur&#8217;an&#8217;\u0131n dilidir. Kur&#8217;an Arap\u00e7a olmas\u0131 nedeniyle Arap dili \u0130sl\u00e2m dininde \u00f6zel bir yere sahiptir.<\/p>\n","protected":false},"excerpt":{"rendered":"<p>Arap\u00e7a Hami-Sami Dilleri Ailesi&#8217;nin Sami koluna mensup bir dildir. Standart Arap\u00e7a olarak kabul edilen bu dil Arabiyyet-\u00fcl fash\u00ee (Fasih,D\u00fczg\u00fcn Arap\u00e7a) olarak ifade edilir ve t\u00fcm Arap devletlerinin resmi dilidir. Arap Yar\u0131madas\u0131 ve Kuzey Afrika&#8217;da halk\u0131n \u00e7o\u011funlu\u011funca, \u0130ran ve T\u00fcrkiye&#8217;de ise Arap az\u0131nl\u0131klarca kullan\u0131lan diller Arap\u00e7a&#8217;n\u0131n leh\u00e7eleridir. Standart Arap\u00e7a herhangi bir \u00fclkede halk dili olarak konu\u015fulmamakla [&hellip;]<\/p>\n","protected":false},"author":1,"featured_media":0,"parent":682,"menu_order":0,"comment_status":"closed","ping_status":"closed","template":"dildetay.php","meta":[],"_links":{"self":[{"href":"https:\/\/btbtercume.com\/wp-json\/wp\/v2\/pages\/692"}],"collection":[{"href":"https:\/\/btbtercume.com\/wp-json\/wp\/v2\/pages"}],"about":[{"href":"https:\/\/btbtercume.com\/wp-json\/wp\/v2\/types\/page"}],"author":[{"embeddable":true,"href":"https:\/\/btbtercume.com\/wp-json\/wp\/v2\/users\/1"}],"replies":[{"embeddable":true,"href":"https:\/\/btbtercume.com\/wp-json\/wp\/v2\/comments?post=692"}],"version-history":[{"count":2,"href":"https:\/\/btbtercume.com\/wp-json\/wp\/v2\/pages\/692\/revisions"}],"predecessor-version":[{"id":971,"href":"https:\/\/btbtercume.com\/wp-json\/wp\/v2\/pages\/692\/revisions\/971"}],"up":[{"embeddable":true,"href":"https:\/\/btbtercume.com\/wp-json\/wp\/v2\/pages\/682"}],"wp:attachment":[{"href":"https:\/\/btbtercume.com\/wp-json\/wp\/v2\/media?parent=692"}],"curies":[{"name":"wp","href":"https:\/\/api.w.org\/{rel}","templated":true}]}}