{"id":688,"date":"2021-07-24T17:00:10","date_gmt":"2021-07-24T14:00:10","guid":{"rendered":"http:\/\/btbtercume.com\/?page_id=688"},"modified":"2021-07-25T14:18:22","modified_gmt":"2021-07-25T11:18:22","slug":"afrika-yerel-dilleri","status":"publish","type":"page","link":"https:\/\/btbtercume.com\/ceviri-yaptigimiz-diller\/afrika-yerel-dilleri\/","title":{"rendered":"Afrika Yerel Dilleri"},"content":{"rendered":"<p>Kongo Dili ya da Kikongo, Kongo Demokratik Cumhuriyeti, Kongo Cumhuriyeti ve Angola&#8217;da yakla\u015f\u0131k 7 milyon insan taraf\u0131ndan konu\u015fulan bir Afrika dilidir. Svahili veya as\u0131l ad\u0131yla Kiswahili, Do\u011fu Afrika&#8217;da kullan\u0131lan bir dildir. Svahili ismi Do\u011fu Afrika&#8217;n\u0131n sahilindeki konu\u015fuldu\u011fu dili ifade etmektedir. Afrika Frans\u0131zcas\u0131 g\u00fcn\u00fcm\u00fczde bir\u00e7ok insan taraf\u0131ndan konu\u015fulur. 2006 istatistiklerine g\u00f6re 31 Frankofon Afrika \u00fclkesinde yakla\u015f\u0131k 115 milyon Afrikal\u0131 birinci veya ikinci dil olarak Frans\u0131zca konu\u015fur. G\u00fcney Afrika Cumhuriyet&#8217;indeki diller \u0130ngilizce ve Afrikaans. Bat\u0131 Sahra&#8217;daki diller \u0130spanyolca. Ekvator Ginesi&#8217;deki diller \u0130spanyolca. Nubiya dili Orta \u00c7a\u011f Nubiya&#8217;s\u0131nda M.S. 8. y\u00fczy\u0131l -10. y\u00fczy\u0131l aras\u0131nda kullan\u0131lan yaz\u0131l\u0131 dile verilen isimdir. \u015eu anda b\u00f6lgede konu\u015fulan Nubiya dillerinin antik bir \u00e7e\u015fididir.<\/p>\n","protected":false},"excerpt":{"rendered":"<p>Kongo Dili ya da Kikongo, Kongo Demokratik Cumhuriyeti, Kongo Cumhuriyeti ve Angola&#8217;da yakla\u015f\u0131k 7 milyon insan taraf\u0131ndan konu\u015fulan bir Afrika dilidir. Svahili veya as\u0131l ad\u0131yla Kiswahili, Do\u011fu Afrika&#8217;da kullan\u0131lan bir dildir. Svahili ismi Do\u011fu Afrika&#8217;n\u0131n sahilindeki konu\u015fuldu\u011fu dili ifade etmektedir. Afrika Frans\u0131zcas\u0131 g\u00fcn\u00fcm\u00fczde bir\u00e7ok insan taraf\u0131ndan konu\u015fulur. 2006 istatistiklerine g\u00f6re 31 Frankofon Afrika \u00fclkesinde yakla\u015f\u0131k [&hellip;]<\/p>\n","protected":false},"author":1,"featured_media":0,"parent":682,"menu_order":0,"comment_status":"closed","ping_status":"closed","template":"dildetay.php","meta":[],"_links":{"self":[{"href":"https:\/\/btbtercume.com\/wp-json\/wp\/v2\/pages\/688"}],"collection":[{"href":"https:\/\/btbtercume.com\/wp-json\/wp\/v2\/pages"}],"about":[{"href":"https:\/\/btbtercume.com\/wp-json\/wp\/v2\/types\/page"}],"author":[{"embeddable":true,"href":"https:\/\/btbtercume.com\/wp-json\/wp\/v2\/users\/1"}],"replies":[{"embeddable":true,"href":"https:\/\/btbtercume.com\/wp-json\/wp\/v2\/comments?post=688"}],"version-history":[{"count":2,"href":"https:\/\/btbtercume.com\/wp-json\/wp\/v2\/pages\/688\/revisions"}],"predecessor-version":[{"id":970,"href":"https:\/\/btbtercume.com\/wp-json\/wp\/v2\/pages\/688\/revisions\/970"}],"up":[{"embeddable":true,"href":"https:\/\/btbtercume.com\/wp-json\/wp\/v2\/pages\/682"}],"wp:attachment":[{"href":"https:\/\/btbtercume.com\/wp-json\/wp\/v2\/media?parent=688"}],"curies":[{"name":"wp","href":"https:\/\/api.w.org\/{rel}","templated":true}]}}