{"id":686,"date":"2021-07-24T17:00:03","date_gmt":"2021-07-24T14:00:03","guid":{"rendered":"http:\/\/btbtercume.com\/?page_id=686"},"modified":"2022-09-15T15:50:48","modified_gmt":"2022-09-15T12:50:48","slug":"afganca","status":"publish","type":"page","link":"https:\/\/btbtercume.com\/ceviri-yaptigimiz-diller\/afganca\/","title":{"rendered":"Afganca"},"content":{"rendered":"<p>Pe\u015ftuca; (Afganca, Pa\u015ftuca ve Pahtuca olarak da bilinir). Afganistan\u2019da ve Pakistan\u2019\u0131n bat\u0131 kesiminde ya\u015fayan Pe\u015ftular\u0131n konu\u015ftu\u011fu dil Hint Avrupa dil ailesinin Hint-\u0130ran Dilleri \u00f6be\u011fine ba\u011fl\u0131d\u0131r (bu bilgi tart\u0131\u015fmal\u0131d\u0131r). Otuz sekiz harflik bir alfabesi vard\u0131r. Baz\u0131 sesler sanskirit\u00e7ede de bulunur. Baz\u0131 dilbilimciler Pe\u015ftuca&#8217;y\u0131 Sami Dillerinden kabul ederken, b\u00fcy\u00fck \u00e7o\u011funluk Hint-Avrupa dil grubu i\u00e7inde de\u011ferlendirir.<\/p>\n<div role=\"form\" class=\"wpcf7\" id=\"wpcf7-f1085-o1\" lang=\"tr-TR\" dir=\"ltr\">\n<div class=\"screen-reader-response\"><p role=\"status\" aria-live=\"polite\" aria-atomic=\"true\"><\/p> <ul><\/ul><\/div>\n<form action=\"\/tr\/wp-json\/wp\/v2\/pages\/686#wpcf7-f1085-o1\" method=\"post\" class=\"wpcf7-form init\" enctype=\"multipart\/form-data\" novalidate=\"novalidate\" data-status=\"init\">\n<div style=\"display: none;\">\n<input type=\"hidden\" name=\"_wpcf7\" value=\"1085\" \/>\n<input type=\"hidden\" name=\"_wpcf7_version\" value=\"5.5.3\" \/>\n<input type=\"hidden\" name=\"_wpcf7_locale\" value=\"tr_TR\" \/>\n<input type=\"hidden\" name=\"_wpcf7_unit_tag\" value=\"wpcf7-f1085-o1\" \/>\n<input type=\"hidden\" name=\"_wpcf7_container_post\" value=\"0\" \/>\n<input type=\"hidden\" name=\"_wpcf7_posted_data_hash\" value=\"\" \/>\n<\/div>\n<div class=\"row\">\n<div class=\"col-md-6 col-12\">\n<span class=\"wpcf7-form-control-wrap your-name\"><input type=\"text\" name=\"your-name\" value=\"\" size=\"40\" class=\"wpcf7-form-control wpcf7-text wpcf7-validates-as-required form-control\" aria-required=\"true\" aria-invalid=\"false\" placeholder=\"ADINIZ SOYADINIZ\" \/><\/span>\n<\/div>\n<div class=\"col-md-6 col-12\">\n<span class=\"wpcf7-form-control-wrap your-email\"><input type=\"email\" name=\"your-email\" value=\"\" size=\"40\" class=\"wpcf7-form-control wpcf7-text wpcf7-email wpcf7-validates-as-required wpcf7-validates-as-email form-control\" aria-required=\"true\" aria-invalid=\"false\" placeholder=\"E-POSTA\" \/><\/span>\n<\/div>\n<div class=\"col-md-6 col-12\">\n<span class=\"wpcf7-form-control-wrap tel-316\"><input type=\"tel\" name=\"tel-316\" value=\"\" size=\"40\" class=\"wpcf7-form-control wpcf7-text wpcf7-tel wpcf7-validates-as-tel form-control\" id=\"number\" aria-invalid=\"false\" placeholder=\"TELEFON NUMARANIZ\" \/><\/span>\n<\/div>\n<div class=\"col-md-6 col-12\">\n<span class=\"wpcf7-form-control-wrap classinput-file\"><input type=\"file\" name=\"class:input-file\" size=\"40\" class=\"wpcf7-form-control wpcf7-file\" accept=\".jpg,.jpeg,.png,.gif,.pdf,.doc,.docx,.ppt,.pptx,.odt,.avi,.ogg,.m4a,.mov,.mp3,.mp4,.mpg,.wav,.wmv\" aria-invalid=\"false\" \/><\/span>\n<\/div>\n<div class=\"col-md-6 col-12\">\n<span class=\"wpcf7-form-control-wrap textarea-216\"><textarea name=\"textarea-216\" cols=\"40\" rows=\"10\" class=\"wpcf7-form-control wpcf7-textarea form-control\" aria-invalid=\"false\" placeholder=\"MESAJINIZ\"><\/textarea><\/span>\n<\/div>\n<div class=\"col-md-12 col-12\">\n<input type=\"submit\" value=\"FORMU G\u00d6NDER\" class=\"wpcf7-form-control has-spinner wpcf7-submit form-control\" \/>\n<\/div>\n<\/div>\n<div class=\"wpcf7-response-output\" aria-hidden=\"true\"><\/div><\/form><\/div>\n","protected":false},"excerpt":{"rendered":"<p>Pe\u015ftuca; (Afganca, Pa\u015ftuca ve Pahtuca olarak da bilinir). Afganistan\u2019da ve Pakistan\u2019\u0131n bat\u0131 kesiminde ya\u015fayan Pe\u015ftular\u0131n konu\u015ftu\u011fu dil Hint Avrupa dil ailesinin Hint-\u0130ran Dilleri \u00f6be\u011fine ba\u011fl\u0131d\u0131r (bu bilgi tart\u0131\u015fmal\u0131d\u0131r). Otuz sekiz harflik bir alfabesi vard\u0131r. Baz\u0131 sesler sanskirit\u00e7ede de bulunur. Baz\u0131 dilbilimciler Pe\u015ftuca&#8217;y\u0131 Sami Dillerinden kabul ederken, b\u00fcy\u00fck \u00e7o\u011funluk Hint-Avrupa dil grubu i\u00e7inde de\u011ferlendirir.<\/p>\n","protected":false},"author":1,"featured_media":0,"parent":682,"menu_order":0,"comment_status":"closed","ping_status":"closed","template":"dildetay.php","meta":[],"_links":{"self":[{"href":"https:\/\/btbtercume.com\/wp-json\/wp\/v2\/pages\/686"}],"collection":[{"href":"https:\/\/btbtercume.com\/wp-json\/wp\/v2\/pages"}],"about":[{"href":"https:\/\/btbtercume.com\/wp-json\/wp\/v2\/types\/page"}],"author":[{"embeddable":true,"href":"https:\/\/btbtercume.com\/wp-json\/wp\/v2\/users\/1"}],"replies":[{"embeddable":true,"href":"https:\/\/btbtercume.com\/wp-json\/wp\/v2\/comments?post=686"}],"version-history":[{"count":3,"href":"https:\/\/btbtercume.com\/wp-json\/wp\/v2\/pages\/686\/revisions"}],"predecessor-version":[{"id":1086,"href":"https:\/\/btbtercume.com\/wp-json\/wp\/v2\/pages\/686\/revisions\/1086"}],"up":[{"embeddable":true,"href":"https:\/\/btbtercume.com\/wp-json\/wp\/v2\/pages\/682"}],"wp:attachment":[{"href":"https:\/\/btbtercume.com\/wp-json\/wp\/v2\/media?parent=686"}],"curies":[{"name":"wp","href":"https:\/\/api.w.org\/{rel}","templated":true}]}}