{"id":674,"date":"2021-07-24T16:20:21","date_gmt":"2021-07-24T13:20:21","guid":{"rendered":"http:\/\/btbtercume.com\/?page_id=674"},"modified":"2021-07-25T13:32:52","modified_gmt":"2021-07-25T10:32:52","slug":"faydali-linkler","status":"publish","type":"page","link":"https:\/\/btbtercume.com\/faydali-linkler\/","title":{"rendered":"Faydal\u0131 Linkler"},"content":{"rendered":"<p>&nbsp;<\/p>\n<h4>B\u00fcy\u00fckel\u00e7ilikler<\/h4>\n<table class=\"fulltable\" style=\"width: 100%;\" border=\"0\" cellspacing=\"1\" cellpadding=\"1\" align=\"center\">\n<tbody>\n<tr>\n<td><strong>B\u00dcY\u00dcKEL\u00c7\u0130L\u0130KLER<\/strong><\/td>\n<td><strong>YER<\/strong><\/td>\n<td><strong>TELEFON<\/strong><\/td>\n<\/tr>\n<tr>\n<td>ABD Konsoloslu\u011fu<\/td>\n<td>Kavakl\u0131dere, 06100 ANKARA<\/td>\n<td>(312) 455 55 55<\/td>\n<\/tr>\n<tr>\n<td>Almanya Konsoloslu\u011fu<\/td>\n<td>Ataturk Bulvar\u0131No:124\/Ankara<\/td>\n<td>(312) 4265465<\/td>\n<\/tr>\n<tr>\n<td>Avusturya Konsoloslu\u011fu<\/td>\n<td>Gaziosmanpa\u015fa\/ANKARA<\/td>\n<td>(312) 4461180<\/td>\n<\/tr>\n<tr>\n<td>Bel\u00e7ika Konsoloslu\u011fu<\/td>\n<td>Gaziosmanpa\u015fa\/ANKARA<\/td>\n<td>(312) 4468247\/48<\/td>\n<\/tr>\n<tr>\n<td>Bulgaristamn Konsoloslu\u011fu<\/td>\n<td>124 ANKARA<\/td>\n<td>(312) 4267455<\/td>\n<\/tr>\n<tr>\n<td>Cek Cumhuriyeti Konsoloslu\u011fu<\/td>\n<td>124 ANKARA<\/td>\n<td>(312) 4265887<\/td>\n<\/tr>\n<tr>\n<td>\u00c7in Halk Cumh. Konsoloslu\u011fu<\/td>\n<td>Gaziosmanpa\u015fa\/ANKARA<\/td>\n<td>(312) 4360628<\/td>\n<\/tr>\n<tr>\n<td>Danimarka Konsoloslu\u011fu<\/td>\n<td>Gaziosmanpa\u015fa\/ANKARA<\/td>\n<td>(312) 4687760<\/td>\n<\/tr>\n<tr>\n<td>Filipinler<\/td>\n<td>Gaziosmanpa\u015fa\/ANKARA<\/td>\n<td>(312) 4465831<\/td>\n<\/tr>\n<tr>\n<td>Finlandiya Konsoloslu\u011fu<\/td>\n<td>Kavakl\u0131dere\/ANKARA<\/td>\n<td>(312) 4265921<\/td>\n<\/tr>\n<tr>\n<td>Fransa Konsoloslu\u011fu<\/td>\n<td>Kavakl\u0131dere\/ANKARA<\/td>\n<td>(312) 4681154\/58<\/td>\n<\/tr>\n<tr>\n<td>Gurcistan<\/td>\n<td>ANKARA<\/td>\n<td>(312) 4471720<\/td>\n<\/tr>\n<tr>\n<td>Hindistan Konsoloslu\u011fu<\/td>\n<td>\u00c7ankaya, 06680 ANKARA<\/td>\n<td>(312) 4382195<\/td>\n<\/tr>\n<tr>\n<td>Hollanda Konsoloslu\u011fu<\/td>\n<td>Gaziosmanpa\u015fa\/ANKARA<\/td>\n<td>(312) 4460470\/74<\/td>\n<\/tr>\n<tr>\n<td>\u0130ngiltere Konsoloslu\u011fu<\/td>\n<td>Cankaya\/ANKARA<\/td>\n<td>(312) 4686230&#8230;42<\/td>\n<\/tr>\n<tr>\n<td>\u0130ran Konsoloslu\u011fu<\/td>\n<td>Kavakl\u0131dere\/ANKARA<\/td>\n<td>(312) 4274320&#8230;23<\/td>\n<\/tr>\n<tr>\n<td>\u0130srail Konsoloslu\u011fu<\/td>\n<td>Gaziosmanpa\u015fa\/ANKARA<\/td>\n<td><\/td>\n<\/tr>\n<tr>\n<td>\u0130sve\u00e7 Konsoloslu\u011fu<\/td>\n<td>ANKARA<\/td>\n<td>(312) 4286735\/6<\/td>\n<\/tr>\n<tr>\n<td>\u0130svi\u00e7re Konsoloslu\u011fu<\/td>\n<td>ANKARA<\/td>\n<td>(312) 467555<\/td>\n<\/tr>\n<tr>\n<td>\u0130talya Konsoloslu\u011fu<\/td>\n<td>ANKARA<\/td>\n<td>(312) 426546063<\/td>\n<\/tr>\n<tr>\n<td>Japonya Konsoloslu\u011fu<\/td>\n<td>Gaziosmanpa\u015fa\/ ANKARA<\/td>\n<td>(312) 4460500<\/td>\n<\/tr>\n<tr>\n<td>Kanada Konsoloslu\u011fu<\/td>\n<td>Gaziosman pa\u015fa\/ ANKARA<\/td>\n<td>(312) 4361275<\/td>\n<\/tr>\n<tr>\n<td>L\u00fcbnan Konsoloslu\u011fu<\/td>\n<td>Gaziosmanpa\u015fa\/ANKARA<\/td>\n<td>(312) 4467487<\/td>\n<\/tr>\n<tr>\n<td>Macaristan Konsoloslu\u011fu<\/td>\n<td>ANKARA<\/td>\n<td>(312) 4189238<\/td>\n<\/tr>\n<tr>\n<td>M\u0131s\u0131r Konsoloslu\u011fu<\/td>\n<td>ANKARA<\/td>\n<td>(312) 4261026<\/td>\n<\/tr>\n<tr>\n<td>Moldovya<\/td>\n<td>Gaziosmanpa\u015fa\/ANKARA<\/td>\n<td>(312) 4465627\/5527<\/td>\n<\/tr>\n<tr>\n<td>Monako Konsoloslu\u011fu<\/td>\n<td>ANKARA<\/td>\n<td>(312) 2633989<\/td>\n<\/tr>\n<tr>\n<td>Norve\u00e7 Konsoloslu\u011fu<\/td>\n<td>Gaziosmanpa\u015fa\/ ANKARA<\/td>\n<td>(312)4360051\/4363196<\/td>\n<\/tr>\n<tr>\n<td>Polonya Konsoloslu\u011fu<\/td>\n<td>ANKARA<\/td>\n<td>(312) 4261694\/98<\/td>\n<\/tr>\n<tr>\n<td>Portekiz Konsoloslu\u011fu<\/td>\n<td>Kavakl\u0131dere\/ANKARA<\/td>\n<td>(312) 4461890<\/td>\n<\/tr>\n<tr>\n<td>Romanya Konsoloslu\u011fu<\/td>\n<td>\u00c7ankaya\/ANKARA<\/td>\n<td>(312) 42712414271243<\/td>\n<\/tr>\n<tr>\n<td>Rusya Federasyonu<\/td>\n<td>\u00c7ankaya\/ANKARA<\/td>\n<td>(312) 4392122<\/td>\n<\/tr>\n<tr>\n<td>Slovakya Konsoloslu\u011fu<\/td>\n<td>GOP\/ANKARA<\/td>\n<td>(312) 4465904<\/td>\n<\/tr>\n<tr>\n<td>Suriye Konsoloslu\u011fu<\/td>\n<td>\u00c7ankaya\/ANKARA<\/td>\n<td>(312) 4409657<\/td>\n<\/tr>\n<tr>\n<td>Sirbistan<\/td>\n<td>Kavakl\u0131dere\/ANKARA<\/td>\n<td>(312) 4260236\/0354<\/td>\n<\/tr>\n<tr>\n<td>Ukrayna Konsoloslu\u011fu<\/td>\n<td>\u00c7ankaya\/ANKARA<\/td>\n<td>(212) 663 26 73<\/td>\n<\/tr>\n<tr>\n<td>\u00dcrd\u00fcn<\/td>\n<td>\u00c7ankaya\/ANKARA<\/td>\n<td>(312) 4402054<\/td>\n<\/tr>\n<\/tbody>\n<\/table>\n<p>&nbsp;<\/p>\n<h4>Noterler<\/h4>\n<p>&nbsp;<\/p>\n<h4>Konsolosluklar<\/h4>\n<table class=\"fulltable\" style=\"width: 100%;\" border=\"0\" cellspacing=\"1\" cellpadding=\"1\" align=\"center\">\n<tbody>\n<tr>\n<td><strong>KONSOLOSLUKLAR<\/strong><\/td>\n<td><strong>YER<\/strong><\/td>\n<td><strong>TELEFON<\/strong><\/td>\n<\/tr>\n<tr>\n<td>ABD Konsoloslu\u011fu<\/td>\n<td>Tepeba\u015f\u0131<\/td>\n<td>(0.212) 251 36 02<\/td>\n<\/tr>\n<tr>\n<td>Almanya Konsoloslu\u011fu<\/td>\n<td>Taksim<\/td>\n<td>(0.212) 251 54 05<\/td>\n<\/tr>\n<tr>\n<td>Arnavutluk Konsoloslu\u011fu<\/td>\n<td>Ni\u015fanta\u015f\u0131<\/td>\n<td>(0.212) 296 24 28<\/td>\n<\/tr>\n<tr>\n<td>Avusturya Konsoloslu\u011fu<\/td>\n<td>Yenik\u00f6y<\/td>\n<td>(0.212) 262 93 15<\/td>\n<\/tr>\n<tr>\n<td>Azerbaycan Konsoloslu\u011fu<\/td>\n<td>Beyo\u011flu<\/td>\n<td>(0.212) 293 21 23<\/td>\n<\/tr>\n<tr>\n<td>Bel\u00e7ika Konsoloslu\u011fu<\/td>\n<td>Taksim<\/td>\n<td>(0.212) 243 33 00<\/td>\n<\/tr>\n<tr>\n<td>Birle\u015fik Arap Emr. Konsoloslu\u011fu<\/td>\n<td>Levent<\/td>\n<td>(0.212) 279 63 49<\/td>\n<\/tr>\n<tr>\n<td>Bosna Hersek Konsoloslu\u011fu<\/td>\n<td>3. Levent<\/td>\n<td>(0.212) 245 16 16<\/td>\n<\/tr>\n<tr>\n<td>Bulgaristamn Konsoloslu\u011fu<\/td>\n<td>Levent<\/td>\n<td>(0.212) 281 01 15<\/td>\n<\/tr>\n<tr>\n<td>Cek Cumhuriyeti Konsoloslu\u011fu<\/td>\n<td>Ma\u00e7ka<\/td>\n<td>(0.212) 230 95 97<\/td>\n<\/tr>\n<tr>\n<td>\u00c7in Halk Cumh. Konsoloslu\u011fu<\/td>\n<td>Mecidiyek\u00f6y<\/td>\n<td>(0.212) 266 65 90<\/td>\n<\/tr>\n<tr>\n<td>Danimarka Konsoloslu\u011fu<\/td>\n<td>F\u0131nd\u0131kl\u0131<\/td>\n<td>(0.212) 359 19 00<\/td>\n<\/tr>\n<tr>\n<td>Dominik Konsoloslu\u011fu<\/td>\n<td>Ni\u015fanta\u015f\u0131<\/td>\n<td>(0.212) 248 36 13<\/td>\n<\/tr>\n<tr>\n<td>Endonezya Konsoloslu\u011fu<\/td>\n<td>Etiler<\/td>\n<td>(0.212) 263 80 08<\/td>\n<\/tr>\n<tr>\n<td>Finlandiya Konsoloslu\u011fu<\/td>\n<td>Levent<\/td>\n<td>(0.212) 283 57 37 \/ 38<\/td>\n<\/tr>\n<tr>\n<td>Fransa Konsoloslu\u011fu<\/td>\n<td>Taksim<\/td>\n<td>(0.212) 243 18 52 \/ 53<\/td>\n<\/tr>\n<tr>\n<td>G. Afrika Cumh. Konsoloslu\u011fu<\/td>\n<td>Esentepe<\/td>\n<td>(0.212) 275 47 93<\/td>\n<\/tr>\n<tr>\n<td>Hindistan Konsoloslu\u011fu<\/td>\n<td>Harbiye<\/td>\n<td>(0.212) 269 21 28<\/td>\n<\/tr>\n<tr>\n<td>Hollanda Konsoloslu\u011fu<\/td>\n<td>Beyo\u011flu<\/td>\n<td>(0.212) 251 50 30<\/td>\n<\/tr>\n<tr>\n<td>Irak Konsoloslu\u011fu<\/td>\n<td>Ma\u00e7ka<\/td>\n<td>(0.212) 222 65 58<\/td>\n<\/tr>\n<tr>\n<td>\u0130ngiltere Konsoloslu\u011fu<\/td>\n<td>Tepeba\u015f\u0131<\/td>\n<td>(0.212) 293 75 40<\/td>\n<\/tr>\n<tr>\n<td>\u0130ran Konsoloslu\u011fu<\/td>\n<td>Ca\u011falo\u011flu<\/td>\n<td>(0.212) 513 82 30<\/td>\n<\/tr>\n<tr>\n<td>\u0130spanya Konsoloslu\u011fu<\/td>\n<td>Harbiye<\/td>\n<td>(0.212) 225 20 99<\/td>\n<\/tr>\n<tr>\n<td>\u0130srail Konsoloslu\u011fu<\/td>\n<td>Ni\u015fanta\u015f\u0131<\/td>\n<td>(0.212) 225 10 40<\/td>\n<\/tr>\n<tr>\n<td>\u0130sve\u00e7 Konsoloslu\u011fu<\/td>\n<td>Beyo\u011flu<\/td>\n<td>(0.212) 243 57 70<\/td>\n<\/tr>\n<tr>\n<td>\u0130svi\u00e7re Konsoloslu\u011fu<\/td>\n<td>Te\u015fvikiye<\/td>\n<td>(0.212) 259 11 15<\/td>\n<\/tr>\n<tr>\n<td>\u0130talya Konsoloslu\u011fu<\/td>\n<td>Beyo\u011flu<\/td>\n<td>(0.212) 243 10 24<\/td>\n<\/tr>\n<tr>\n<td>\u0130zlanda Konsoloslu\u011fu<\/td>\n<td>Tuzla<\/td>\n<td>(0.212) 394 32 10 &#8211; 15<\/td>\n<\/tr>\n<\/tbody>\n<\/table>\n","protected":false},"excerpt":{"rendered":"<p>&nbsp; B\u00fcy\u00fckel\u00e7ilikler B\u00dcY\u00dcKEL\u00c7\u0130L\u0130KLER YER TELEFON ABD Konsoloslu\u011fu Kavakl\u0131dere, 06100 ANKARA (312) 455 55 55 Almanya Konsoloslu\u011fu Ataturk Bulvar\u0131No:124\/Ankara (312) 4265465 Avusturya Konsoloslu\u011fu Gaziosmanpa\u015fa\/ANKARA (312) 4461180 Bel\u00e7ika Konsoloslu\u011fu Gaziosmanpa\u015fa\/ANKARA (312) 4468247\/48 Bulgaristamn Konsoloslu\u011fu 124 ANKARA (312) 4267455 Cek Cumhuriyeti Konsoloslu\u011fu 124 ANKARA (312) 4265887 \u00c7in Halk Cumh. Konsoloslu\u011fu Gaziosmanpa\u015fa\/ANKARA (312) 4360628 Danimarka Konsoloslu\u011fu Gaziosmanpa\u015fa\/ANKARA (312) 4687760 [&hellip;]<\/p>\n","protected":false},"author":1,"featured_media":0,"parent":0,"menu_order":0,"comment_status":"closed","ping_status":"closed","template":"","meta":[],"_links":{"self":[{"href":"https:\/\/btbtercume.com\/wp-json\/wp\/v2\/pages\/674"}],"collection":[{"href":"https:\/\/btbtercume.com\/wp-json\/wp\/v2\/pages"}],"about":[{"href":"https:\/\/btbtercume.com\/wp-json\/wp\/v2\/types\/page"}],"author":[{"embeddable":true,"href":"https:\/\/btbtercume.com\/wp-json\/wp\/v2\/users\/1"}],"replies":[{"embeddable":true,"href":"https:\/\/btbtercume.com\/wp-json\/wp\/v2\/comments?post=674"}],"version-history":[{"count":7,"href":"https:\/\/btbtercume.com\/wp-json\/wp\/v2\/pages\/674\/revisions"}],"predecessor-version":[{"id":966,"href":"https:\/\/btbtercume.com\/wp-json\/wp\/v2\/pages\/674\/revisions\/966"}],"wp:attachment":[{"href":"https:\/\/btbtercume.com\/wp-json\/wp\/v2\/media?parent=674"}],"curies":[{"name":"wp","href":"https:\/\/api.w.org\/{rel}","templated":true}]}}