{"id":107,"date":"2020-03-26T19:38:00","date_gmt":"2020-03-26T16:38:00","guid":{"rendered":"http:\/\/localhost\/?page_id=107"},"modified":"2021-07-24T20:50:40","modified_gmt":"2021-07-24T17:50:40","slug":"kariyer","status":"publish","type":"page","link":"https:\/\/btbtercume.com\/kariyer\/","title":{"rendered":"Kariyer"},"content":{"rendered":"<p><img class=\"alignnone size-full wp-image-183\" src=\"http:\/\/sga.ndijital.com\/wp-content\/uploads\/2020\/03\/kariyer-img.png\" alt=\"\" width=\"100%\" \/><\/p>\n<p>&nbsp;<\/p>\n<ul>\n<li>E\u011fitime \u00f6nem ve a\u011f\u0131rl\u0131k vererek, \u015firketimizin geli\u015fmesini ve rekabet ortam\u0131nda \u00e7al\u0131\u015fanlar\u0131m\u0131z\u0131n bizi her daim zirveye ta\u015f\u0131mas\u0131n\u0131,<\/li>\n<li>\u0130\u015f sa\u011fl\u0131\u011f\u0131 ve g\u00fcvenli\u011fine \u00f6nem vererek, \u00e7al\u0131\u015fanlar\u0131m\u0131z\u0131n t\u00fcm \u00fcr\u00fcn geli\u015ftirmelerini g\u00fcven ve sa\u011fl\u0131kl\u0131 ko\u015fullar i\u00e7erisinde uygulamas\u0131n\u0131,<\/li>\n<li>\u00dccret ve sosyal olanaklara \u00f6nem vererek , t\u00fcm \u00e7al\u0131\u015fanlar\u0131m\u0131z\u0131n kendini ailenin bir bireyi olarak hissetmesini ama\u00e7l\u0131yoruz.<\/li>\n<\/ul>\n","protected":false},"excerpt":{"rendered":"<p>&nbsp; E\u011fitime \u00f6nem ve a\u011f\u0131rl\u0131k vererek, \u015firketimizin geli\u015fmesini ve rekabet ortam\u0131nda \u00e7al\u0131\u015fanlar\u0131m\u0131z\u0131n bizi her daim zirveye ta\u015f\u0131mas\u0131n\u0131, \u0130\u015f sa\u011fl\u0131\u011f\u0131 ve g\u00fcvenli\u011fine \u00f6nem vererek, \u00e7al\u0131\u015fanlar\u0131m\u0131z\u0131n t\u00fcm \u00fcr\u00fcn geli\u015ftirmelerini g\u00fcven ve sa\u011fl\u0131kl\u0131 ko\u015fullar i\u00e7erisinde uygulamas\u0131n\u0131, \u00dccret ve sosyal olanaklara \u00f6nem vererek , t\u00fcm \u00e7al\u0131\u015fanlar\u0131m\u0131z\u0131n kendini ailenin bir bireyi olarak hissetmesini ama\u00e7l\u0131yoruz.<\/p>\n","protected":false},"author":1,"featured_media":0,"parent":0,"menu_order":12,"comment_status":"closed","ping_status":"closed","template":"kariyer.php","meta":[],"_links":{"self":[{"href":"https:\/\/btbtercume.com\/wp-json\/wp\/v2\/pages\/107"}],"collection":[{"href":"https:\/\/btbtercume.com\/wp-json\/wp\/v2\/pages"}],"about":[{"href":"https:\/\/btbtercume.com\/wp-json\/wp\/v2\/types\/page"}],"author":[{"embeddable":true,"href":"https:\/\/btbtercume.com\/wp-json\/wp\/v2\/users\/1"}],"replies":[{"embeddable":true,"href":"https:\/\/btbtercume.com\/wp-json\/wp\/v2\/comments?post=107"}],"version-history":[{"count":10,"href":"https:\/\/btbtercume.com\/wp-json\/wp\/v2\/pages\/107\/revisions"}],"predecessor-version":[{"id":954,"href":"https:\/\/btbtercume.com\/wp-json\/wp\/v2\/pages\/107\/revisions\/954"}],"wp:attachment":[{"href":"https:\/\/btbtercume.com\/wp-json\/wp\/v2\/media?parent=107"}],"curies":[{"name":"wp","href":"https:\/\/api.w.org\/{rel}","templated":true}]}}